{"id":18,"date":"2013-04-12T20:16:34","date_gmt":"2013-04-12T17:16:34","guid":{"rendered":"http:\/\/www-new.kotimaisetenergiat.fi\/?page_id=18"},"modified":"2024-10-22T22:24:51","modified_gmt":"2024-10-22T19:24:51","slug":"etusivu","status":"publish","type":"page","link":"http:\/\/www.kotimaisetenergiat.fi\/","title":{"rendered":"Etusivu"},"content":{"rendered":"<p style=\"text-align: center;\"><strong>Kotimaiset Energiat Oy<\/strong><\/p>\n<p style=\"text-align: center;\">Kotimaiset Energiat Oy on erikoistunut erilaisten uusiutuvien energiaratkaisuiden suunnitteluun ja j\u00e4lleenmyyntiin. <\/p>\n<p style=\"text-align: center;\"><strong>ENERGIANKIERR\u00c4TYS- JA HUKKAL\u00c4MP\u00d6RATKAISUT<br \/>\nBIOKATTILAT JA L\u00c4MP\u00d6KONTIT<br \/>\nS\u00c4HK\u00d6KATTILAT, ENERGIAVARAAJAT JA MUUT ENERGIAVARASTOT<br \/>\nHYBRIDIL\u00c4MMITYSRATKAISUT<br \/>\nHENKIL\u00d6- JA RASKAANLIIKENTEEN S\u00c4HK\u00d6LATAUS<\/strong><\/p>\n<p style=\"text-align: center;\">Edustamme t\u00e4ll\u00e4 hetkell\u00e4 mm. Boweco-biokattiloita <a href=\"http:\/\/www.boweco.fi\">http:\/\/www.boweco.fi<\/a><\/p>\n<p style=\"text-align: center;\"><strong>&#8211; Kotimaisista energial\u00e4hteist\u00e4 tuotetut energiaratkaisut &#8211;<\/strong><\/p>\n","protected":false},"excerpt":{"rendered":"<p>Kotimaiset Energiat Oy Kotimaiset Energiat Oy on erikoistunut erilaisten uusiutuvien energiaratkaisuiden suunnitteluun ja j\u00e4lleenmyyntiin. ENERGIANKIERR\u00c4TYS- JA HUKKAL\u00c4MP\u00d6RATKAISUT BIOKATTILAT JA L\u00c4MP\u00d6KONTIT S\u00c4HK\u00d6KATTILAT, ENERGIAVARAAJAT JA MUUT ENERGIAVARASTOT HYBRIDIL\u00c4MMITYSRATKAISUT HENKIL\u00d6- JA RASKAANLIIKENTEEN S\u00c4HK\u00d6LATAUS Edustamme t\u00e4ll\u00e4 hetkell\u00e4 mm. Boweco-biokattiloita http:\/\/www.boweco.fi &#8211; Kotimaisista energial\u00e4hteist\u00e4 tuotetut energiaratkaisut &#8211;<\/p>\n","protected":false},"author":1,"featured_media":0,"parent":0,"menu_order":1,"comment_status":"closed","ping_status":"closed","template":"","meta":{"footnotes":""},"class_list":["post-18","page","type-page","status-publish","hentry"],"_links":{"self":[{"href":"http:\/\/www.kotimaisetenergiat.fi\/index.php?rest_route=\/wp\/v2\/pages\/18","targetHints":{"allow":["GET"]}}],"collection":[{"href":"http:\/\/www.kotimaisetenergiat.fi\/index.php?rest_route=\/wp\/v2\/pages"}],"about":[{"href":"http:\/\/www.kotimaisetenergiat.fi\/index.php?rest_route=\/wp\/v2\/types\/page"}],"author":[{"embeddable":true,"href":"http:\/\/www.kotimaisetenergiat.fi\/index.php?rest_route=\/wp\/v2\/users\/1"}],"replies":[{"embeddable":true,"href":"http:\/\/www.kotimaisetenergiat.fi\/index.php?rest_route=%2Fwp%2Fv2%2Fcomments&post=18"}],"version-history":[{"count":100,"href":"http:\/\/www.kotimaisetenergiat.fi\/index.php?rest_route=\/wp\/v2\/pages\/18\/revisions"}],"predecessor-version":[{"id":886,"href":"http:\/\/www.kotimaisetenergiat.fi\/index.php?rest_route=\/wp\/v2\/pages\/18\/revisions\/886"}],"wp:attachment":[{"href":"http:\/\/www.kotimaisetenergiat.fi\/index.php?rest_route=%2Fwp%2Fv2%2Fmedia&parent=18"}],"curies":[{"name":"wp","href":"https:\/\/api.w.org\/{rel}","templated":true}]}}